{"id":2488,"date":"2018-05-15T19:41:31","date_gmt":"2018-05-15T17:41:31","guid":{"rendered":"http:\/\/conservatives-paris.org\/cgi-bin\/weblog_basic\/?page_id=2488"},"modified":"2018-05-15T19:41:31","modified_gmt":"2018-05-15T17:41:31","slug":"the-marxist-influence-on-the-roots-of-the-european-union","status":"publish","type":"page","link":"https:\/\/conservatives-paris.org\/blog\/?page_id=2488","title":{"rendered":"The Marxist Influence on the Roots of the European Union"},"content":{"rendered":"<p>The inauguration by European Commission President J-C Juncker in Trieste on the 5th May, 2018 of a statue of Karl Marx, commemorating the 200th anniversary of his birth, has BCiP member Evelyne Joslain exploring the actual influence and contribution of Marxism on the construction of the European Union in her article below.<\/p>\n<p><strong>LES RACINES MAUVAISES DE L&rsquo;UNION EUROPEENNE__ Evelyne JOSLAIN, 13.V.2018<\/strong><\/p>\n<p>L&rsquo;actualit\u00e9 offre des faits \u00e9clairants aux plus malvoyants.<\/p>\n<p>Le 5 mai, JC Juncker a non seulement inaugur\u00e9 une statue de 5 m, cadeau de la Chine communiste \u00e0 la ville de Trieste pour le 200e anniversaire de Karl Marx, mais s&rsquo;est fendu d&rsquo;un discours qui ne laisse plus aucun doute sur l&rsquo;id\u00e9ologie inacceptable de l&rsquo;Union douani\u00e8re qu&rsquo;il pr\u00e9side. Il a d\u00e9clar\u00e9, faussement, \u00ab\u00a0qu&rsquo;il n&rsquo;y avait aucun rapport entre la philosophie pure de Marx et les millions de morts et d\u00e9sastres\u00a0\u00bb survenus partout o\u00f9 cette \u00ab\u00a0philosophie\u00a0\u00bb avait \u00e9t\u00e9 appliqu\u00e9e \u00e0 la lettre.<\/p>\n<p>Juncker a salu\u00e9 \u00ab\u00a0la contribution\u00a0\u00bb et \u00ab\u00a0l&rsquo;influence\u00a0\u00bb de Marx dans la construction europ\u00e9enne (sic!) et exalt\u00e9 son \u00ab\u00a0inspiration cr\u00e9atrice\u00a0\u00bb, intimant par l\u00e0 que l&rsquo;UE avait besoin de davantage de philosophie marxiste pour toujours plus de \u00ab\u00a0justice sociale\u00a0\u00bb. Il a soigneusement occult\u00e9 les rapports de Marx avec l&rsquo;anarchiste Bakounine et tant d&rsquo;autres v\u00e9rit\u00e9s qui d\u00e9rangent, comme son anti-s\u00e9mitisme et sa haine de toute religion.<\/p>\n<p>Pour ceux qui croient que ce type de discours est l&rsquo;apanage du pape Fran\u00e7ois et que la France ne sortira du socialisme qu&rsquo;en passant par l&rsquo;UE, voil\u00e0 qui devrait faire r\u00e9fl\u00e9chir.<\/p>\n<p>Marx, idole de Juncker, \u00e9tait lui-m\u00eame \u00ab\u00a0mauvais\u00a0\u00bb, c&rsquo;est \u00e0 dire malsain, hypocrite et finalement inhumain. Comme les r\u00e9volutionnaires fran\u00e7ais de la Terreur, qu&rsquo;il admirait, et comme la plupart de ses futurs adeptes et \u00ab\u00a0idiots utiles\u00a0\u00bb, des \u00ab\u00a0intellectuels\u00a0\u00bb de l&rsquo;Ecole de Francfort, puis Sartre et Cie jusqu&rsquo;aux n\u00e9o-marxistes qui pontifient aujourd&rsquo;hui, il \u00e9tait fils de cette bourgeoisie qu&rsquo;il ex\u00e9crait et avait eu acc\u00e8s \u00e0 un enseignement sup\u00e9rieur pour en faire le pire usage: d\u00e9truire un syst\u00e8me existant (la propri\u00e9t\u00e9 priv\u00e9e et le capitalisme) afin d&rsquo;instaurer la dictature d&rsquo;un prol\u00e9tariat qui n&rsquo;en demandait pas tant, pr\u00e9texte en fait pour la dictature \u00e9tatiste d&rsquo;une oligarchie sur les peuples.<\/p>\n<p>Marx s&rsquo;est tromp\u00e9 sur tout. Sa th\u00e9orie \u00e9conomique a \u00e9chou\u00e9 partout, laissant des champs de ruines. Ses id\u00e9es soci\u00e9tales \u00e9galement, son \u00ab\u00a0d\u00e9terminisme historique\u00a0\u00bb \u00e9tant vou\u00e9, comme tous les d\u00e9terminismes, \u00e0 \u00eatre bris\u00e9 par les faits. Apr\u00e8s les duret\u00e9s des d\u00e9buts, le capitalisme s&rsquo;est r\u00e9v\u00e9l\u00e9 la plus grande force de progr\u00e8s social que l&rsquo;humanit\u00e9 ait connue. Les lieutenants de l&rsquo;id\u00e9ologie marxiste version dure ont laiss\u00e9 des noms dont la seule \u00e9vocation fait froid dans le dos: L\u00e9nine, Staline, Pol Pot, les Kim cor\u00e9ens, Castro, Chavez, Maduro&#8230;mais ceux de la version \u00e9dulcor\u00e9e, Alliende, Peron&#8230;,tout en \u00e9chouant lamentablement, ont laiss\u00e9 une trace \u00ab\u00a0romantique\u00a0\u00bb indue.<\/p>\n<p>Il faut un proc\u00e8s du communisme et du marxisme, comme il y eut N\u00fcremberg contre le nazisme.<\/p>\n<p>Et justement, dans les archives du National Sozialismus d&rsquo;Hitler trouv\u00e9es en 1945, les Alli\u00e9s ont d\u00e9couvert des documents provenant du conseiller \u00e9conomique Funk qui d\u00e9taillent le ma\u00eetre-plan du F\u00fchrer, plan qui incluait \u00ab\u00a0une int\u00e9gration \u00e9conomique de l&rsquo;Europe et la cr\u00e9ation d&rsquo;une Europe f\u00e9d\u00e9rale\u00a0\u00bb, elle m\u00eame fond\u00e9e sur la conviction de&#8230;nul autre que L\u00e9nine! \u00ab\u00a0Que la f\u00e9d\u00e9ration \u00e9tait la solution transitoire pour parvenir \u00e0 une union compl\u00e8te de toutes les nations\u00a0\u00bb.<\/p>\n<p>Le mondialisme est une id\u00e9e socialo-marxiste.<\/p>\n<p>A l&rsquo;entr\u00e9e du Parlement Europ\u00e9en, une plaque avertit le visiteur que \u00ab\u00a0La souverainet\u00e9 nationale est la source des maux les plus criants de notre \u00e9poque et que le seul rem\u00e8de final \u00e0 ce mal, c&rsquo;est une union f\u00e9d\u00e9rale des peuples\u00a0\u00bb.<\/p>\n<p>\u00ab\u00a0Rem\u00e8de final\u00a0\u00bb? Cela fait \u00e9cho \u00e0 \u00ab\u00a0la solution radicale\u00a0\u00bb de Marx et \u00e0 \u00ab\u00a0la solution finale\u00a0\u00bb d&rsquo;Hitler. Troublant.<\/p>\n<p>Ainsi, l&rsquo;UE n&rsquo;est pas que le produit des \u00e9lucubrations cyniques d&rsquo;un Jean Monnet: elle est le dernier avatar d&rsquo;une id\u00e9ologie r\u00e9volutionnaire, totalitaire, criminelle, g\u00e9nocidaire. Elle parle des maux du pass\u00e9 alors qu&rsquo;elle compile toutes les th\u00e9ories issues du marxisme qui ont amen\u00e9 tant de malheurs.<\/p>\n<p>Juncker, qui devrait porter un bonnet \u00e0 grelots, assume ces racines mauvaises tout en refusant d&rsquo;en reconna\u00eetre la malignit\u00e9.<\/p>\n<p>Le \u00ab\u00a0marxisme culturel\u00a0\u00bb qui s\u00e9vit en Occident aujourd&rsquo;hui est l&rsquo;unique r\u00e9ussite de Marx. IL anime tous les mouvements de gauche, quels que soient les noms trompeurs qu&rsquo;ils se donnent (travailliste, socialiste, d\u00e9mocrate, progressiste, liberal-d\u00e9mocrate, social-d\u00e9mocrate&#8230;), des bobos inconscients jusqu&rsquo;\u00e0 l&rsquo;ultra-gauche internationale ultra violente, hyper motiv\u00e9e et subventionn\u00e9e.<\/p>\n<p>Bien s\u00fbr, l&rsquo;UE n&rsquo;a ni camps ni victimes physiques. Mais elle est ouvertement autoritaire et s&rsquo;adonne \u00e0 un capitalisme d\u00e9voy\u00e9: capitalisme de copinage qui ne profite qu&rsquo;aux gros int\u00e9r\u00eats avant de devenir un capitalisme d&rsquo;Etat \u00e0 la chinoise. Elle broie les peuples, elle oppresse les classes moyennes, elle a d\u00e9j\u00e0 instaur\u00e9 sa dictature en ce qui concerne l&rsquo;\u00e9cologisme et la mise au pas des m\u00e9dias.<\/p>\n<p>Et comme Marx, l&rsquo;UE se trompe sur tout.<\/p>\n<p>Le march\u00e9 de dupes sign\u00e9 avec l&rsquo;Iran (dont Trump vient de la sauver bien malgr\u00e9 elle) et le discours marxiste de Juncker devraient guider le choix des \u00e9lecteurs au prochain scrutin.<\/p>\n<p><strong>Evelyne Joslain<\/strong><\/p>\n<p><strong>BCiP Member<\/strong><\/p>\n","protected":false},"excerpt":{"rendered":"<p>The inauguration by European Commission President J-C Juncker in Trieste on the 5th May, 2018 of a statue of Karl Marx, commemorating the 200th anniversary of his birth, has BCiP member Evelyne Joslain exploring the actual influence and contribution of Marxism on the construction of the European Union in her article below. LES RACINES MAUVAISES [&hellip;]<\/p>\n","protected":false},"author":1,"featured_media":0,"parent":1577,"menu_order":0,"comment_status":"closed","ping_status":"closed","template":"","meta":{"footnotes":""},"class_list":["post-2488","page","type-page","status-publish","hentry"],"_links":{"self":[{"href":"https:\/\/conservatives-paris.org\/blog\/index.php?rest_route=\/wp\/v2\/pages\/2488","targetHints":{"allow":["GET"]}}],"collection":[{"href":"https:\/\/conservatives-paris.org\/blog\/index.php?rest_route=\/wp\/v2\/pages"}],"about":[{"href":"https:\/\/conservatives-paris.org\/blog\/index.php?rest_route=\/wp\/v2\/types\/page"}],"author":[{"embeddable":true,"href":"https:\/\/conservatives-paris.org\/blog\/index.php?rest_route=\/wp\/v2\/users\/1"}],"replies":[{"embeddable":true,"href":"https:\/\/conservatives-paris.org\/blog\/index.php?rest_route=%2Fwp%2Fv2%2Fcomments&post=2488"}],"version-history":[{"count":1,"href":"https:\/\/conservatives-paris.org\/blog\/index.php?rest_route=\/wp\/v2\/pages\/2488\/revisions"}],"predecessor-version":[{"id":2489,"href":"https:\/\/conservatives-paris.org\/blog\/index.php?rest_route=\/wp\/v2\/pages\/2488\/revisions\/2489"}],"up":[{"embeddable":true,"href":"https:\/\/conservatives-paris.org\/blog\/index.php?rest_route=\/wp\/v2\/pages\/1577"}],"wp:attachment":[{"href":"https:\/\/conservatives-paris.org\/blog\/index.php?rest_route=%2Fwp%2Fv2%2Fmedia&parent=2488"}],"curies":[{"name":"wp","href":"https:\/\/api.w.org\/{rel}","templated":true}]}}